{"id":15,"date":"2022-07-25T09:22:54","date_gmt":"2022-07-25T09:22:54","guid":{"rendered":"https:\/\/malinka-shop.de\/?page_id=15"},"modified":"2022-08-26T10:41:06","modified_gmt":"2022-08-26T10:41:06","slug":"startseite","status":"publish","type":"page","link":"https:\/\/malinka-shop.de\/","title":{"rendered":"Startseite"},"content":{"rendered":"<p>[et_pb_section fb_built=&#8220;1&#8243; fullwidth=&#8220;on&#8220; _builder_version=&#8220;4.17.6&#8243; _module_preset=&#8220;default&#8220; global_colors_info=&#8220;{}&#8220;][et_pb_fullwidth_slider _builder_version=&#8220;4.17.6&#8243; _module_preset=&#8220;default&#8220; animation_style=&#8220;fade&#8220; auto=&#8220;on&#8220; auto_speed=&#8220;5000&#8243; border_width_all=&#8220;2px&#8220; border_color_all=&#8220;#1a232a&#8220; global_colors_info=&#8220;{}&#8220;][et_pb_slide _builder_version=&#8220;4.17.6&#8243; _module_preset=&#8220;default&#8220; background_color=&#8220;#e5dcd5&#8243; background_enable_color=&#8220;on&#8220; background_image=&#8220;https:\/\/malinka-shop.de\/wp-content\/uploads\/2022\/07\/Titelbild-1.jpg&#8220; background_enable_image=&#8220;on&#8220; background_size=&#8220;contain&#8220; global_colors_info=&#8220;{}&#8220; sticky_transition=&#8220;on&#8220;][\/et_pb_slide][et_pb_slide _builder_version=&#8220;4.17.6&#8243; _module_preset=&#8220;default&#8220; background_color=&#8220;#e5dcd5&#8243; background_enable_color=&#8220;on&#8220; background_image=&#8220;https:\/\/malinka-shop.de\/wp-content\/uploads\/2022\/07\/Titelbild-2.jpg&#8220; background_enable_image=&#8220;on&#8220; background_size=&#8220;contain&#8220; global_colors_info=&#8220;{}&#8220; sticky_transition=&#8220;on&#8220;][\/et_pb_slide][et_pb_slide _builder_version=&#8220;4.17.6&#8243; _module_preset=&#8220;default&#8220; background_color=&#8220;#e5dcd5&#8243; background_enable_color=&#8220;on&#8220; background_image=&#8220;https:\/\/malinka-shop.de\/wp-content\/uploads\/2022\/07\/Titelbild-3.jpg&#8220; background_enable_image=&#8220;on&#8220; background_size=&#8220;contain&#8220; global_colors_info=&#8220;{}&#8220; sticky_transition=&#8220;on&#8220;][\/et_pb_slide][et_pb_slide _builder_version=&#8220;4.17.6&#8243; _module_preset=&#8220;default&#8220; background_color=&#8220;#e5dcd5&#8243; background_enable_color=&#8220;on&#8220; background_image=&#8220;https:\/\/malinka-shop.de\/wp-content\/uploads\/2022\/07\/Titelbild-4.jpg&#8220; background_enable_image=&#8220;on&#8220; background_size=&#8220;contain&#8220; global_colors_info=&#8220;{}&#8220; sticky_transition=&#8220;on&#8220;][\/et_pb_slide][et_pb_slide _builder_version=&#8220;4.17.6&#8243; _module_preset=&#8220;default&#8220; background_color=&#8220;#e5dcd5&#8243; background_enable_color=&#8220;on&#8220; background_image=&#8220;https:\/\/malinka-shop.de\/wp-content\/uploads\/2022\/07\/Titelbild-5.jpg&#8220; background_enable_image=&#8220;on&#8220; background_size=&#8220;contain&#8220; global_colors_info=&#8220;{}&#8220; sticky_transition=&#8220;on&#8220;][\/et_pb_slide][\/et_pb_fullwidth_slider][\/et_pb_section][et_pb_section fb_built=&#8220;1&#8243; _builder_version=&#8220;4.17.6&#8243; _module_preset=&#8220;default&#8220; background_image=&#8220;https:\/\/malinka-shop.de\/wp-content\/uploads\/2022\/08\/5793628-scaled.jpg&#8220; parallax=&#8220;on&#8220; global_colors_info=&#8220;{}&#8220;][et_pb_row _builder_version=&#8220;4.17.6&#8243; _module_preset=&#8220;default&#8220; global_colors_info=&#8220;{}&#8220;][et_pb_column type=&#8220;4_4&#8243; _builder_version=&#8220;4.17.6&#8243; _module_preset=&#8220;default&#8220; global_colors_info=&#8220;{}&#8220;][et_pb_text _builder_version=&#8220;4.17.6&#8243; _module_preset=&#8220;default&#8220; text_font=&#8220;Allura||||||||&#8220; text_font_size=&#8220;7px&#8220; header_font=&#8220;Allura||||||||&#8220; header_font_size=&#8220;55px&#8220; global_colors_info=&#8220;{}&#8220;]<\/p>\n<h1 style=\"text-align: center;\">Unsere Bestseller<\/h1>\n<p>[\/et_pb_text][et_pb_shop type=&#8220;best_selling&#8220; posts_number=&#8220;5&#8243; columns_number=&#8220;5&#8243; _builder_version=&#8220;4.17.6&#8243; _module_preset=&#8220;default&#8220; background_color=&#8220;rgba(255,255,255,0.69)&#8220; global_colors_info=&#8220;{}&#8220;][\/et_pb_shop][\/et_pb_column][\/et_pb_row][et_pb_row column_structure=&#8220;2_5,3_5&#8243; _builder_version=&#8220;4.17.6&#8243; _module_preset=&#8220;default&#8220; global_colors_info=&#8220;{}&#8220;][et_pb_column type=&#8220;2_5&#8243; _builder_version=&#8220;4.17.6&#8243; _module_preset=&#8220;default&#8220; global_colors_info=&#8220;{}&#8220;][et_pb_image src=&#8220;https:\/\/malinka-shop.de\/wp-content\/uploads\/2022\/08\/Rasseln.jpeg&#8220; title_text=&#8220;Rasseln&#8220; url=&#8220;https:\/\/malinka-shop.de\/index.php\/produkt-kategorie\/rasseln\/&#8220; _builder_version=&#8220;4.17.6&#8243; _module_preset=&#8220;default&#8220; width=&#8220;100%&#8220; global_colors_info=&#8220;{}&#8220;][\/et_pb_image][\/et_pb_column][et_pb_column type=&#8220;3_5&#8243; _builder_version=&#8220;4.17.6&#8243; _module_preset=&#8220;default&#8220; global_colors_info=&#8220;{}&#8220;][et_pb_image src=&#8220;https:\/\/malinka-shop.de\/wp-content\/uploads\/2022\/08\/Babykleidung.jpeg&#8220; title_text=&#8220;Babykleidung&#8220; url=&#8220;https:\/\/malinka-shop.de\/index.php\/produkt-kategorie\/babykleidung\/&#8220; _builder_version=&#8220;4.17.6&#8243; _module_preset=&#8220;default&#8220; width=&#8220;75%&#8220; max_width=&#8220;100%&#8220; module_alignment=&#8220;right&#8220; global_colors_info=&#8220;{}&#8220;][\/et_pb_image][\/et_pb_column][\/et_pb_row][et_pb_row column_structure=&#8220;3_5,2_5&#8243; _builder_version=&#8220;4.17.6&#8243; _module_preset=&#8220;default&#8220; global_colors_info=&#8220;{}&#8220;][et_pb_column type=&#8220;3_5&#8243; _builder_version=&#8220;4.17.6&#8243; _module_preset=&#8220;default&#8220; global_colors_info=&#8220;{}&#8220;][et_pb_image src=&#8220;https:\/\/malinka-shop.de\/wp-content\/uploads\/2022\/08\/Spielzeug.jpeg&#8220; _builder_version=&#8220;4.17.6&#8243; _module_preset=&#8220;default&#8220; hover_enabled=&#8220;0&#8243; global_colors_info=&#8220;{}&#8220; url=&#8220;https:\/\/malinka-shop.de\/index.php\/produkt-kategorie\/spielzeug\/&#8220; title_text=&#8220;Spielzeug&#8220; width=&#8220;75%&#8220; sticky_enabled=&#8220;0&#8243;][\/et_pb_image][\/et_pb_column][et_pb_column type=&#8220;2_5&#8243; _builder_version=&#8220;4.17.6&#8243; _module_preset=&#8220;default&#8220; global_colors_info=&#8220;{}&#8220;][et_pb_image src=&#8220;https:\/\/malinka-shop.de\/wp-content\/uploads\/2022\/08\/Kuscheltiere.jpeg&#8220; title_text=&#8220;Kuscheltiere&#8220; url=&#8220;https:\/\/malinka-shop.de\/index.php\/produkt-kategorie\/kuscheltiere\/&#8220; _builder_version=&#8220;4.17.6&#8243; _module_preset=&#8220;default&#8220; global_colors_info=&#8220;{}&#8220;][\/et_pb_image][\/et_pb_column][\/et_pb_row][\/et_pb_section][et_pb_section fb_built=&#8220;1&#8243; _builder_version=&#8220;4.17.6&#8243; _module_preset=&#8220;default&#8220; global_colors_info=&#8220;{}&#8220;][et_pb_row column_structure=&#8220;1_3,1_3,1_3&#8243; _builder_version=&#8220;4.17.6&#8243; _module_preset=&#8220;default&#8220; global_colors_info=&#8220;{}&#8220;][et_pb_column type=&#8220;1_3&#8243; _builder_version=&#8220;4.17.6&#8243; _module_preset=&#8220;default&#8220; global_colors_info=&#8220;{}&#8220;][et_pb_blurb title=&#8220;Versandinformation&#8220; image=&#8220;https:\/\/malinka-shop.de\/wp-content\/uploads\/2022\/08\/versand-erfolgt-mit-umrandung-100&#215;100-1.png&#8220; _builder_version=&#8220;4.17.6&#8243; _module_preset=&#8220;default&#8220; header_level=&#8220;h2&#8243; header_text_align=&#8220;center&#8220; link_option_url=&#8220;https:\/\/malinka-shop.de\/index.php\/versand-und-zahlungsbedingungen\/&#8220; global_colors_info=&#8220;{}&#8220;]<\/p>\n<p style=\"text-align: center;\">Versicherter Versand per DHL innerhalb 1-4 Werktagen in Deutschland.<\/p>\n<p>[\/et_pb_blurb][\/et_pb_column][et_pb_column type=&#8220;1_3&#8243; _builder_version=&#8220;4.17.6&#8243; _module_preset=&#8220;default&#8220; global_colors_info=&#8220;{}&#8220;][et_pb_blurb title=&#8220;Kundenservice&#8220; image=&#8220;https:\/\/malinka-shop.de\/wp-content\/uploads\/2022\/08\/sprechblase-100&#215;100-1.png&#8220; _builder_version=&#8220;4.17.6&#8243; _module_preset=&#8220;default&#8220; header_level=&#8220;h2&#8243; header_text_align=&#8220;center&#8220; link_option_url=&#8220;https:\/\/malinka-shop.de\/index.php\/kontakt\/&#8220; global_colors_info=&#8220;{}&#8220;]<\/p>\n<p style=\"text-align: center;\">Du hast eine Frage an uns?<br \/>Schreib uns \u00fcber das Kontaktformular oder in Instagram.<\/p>\n<p>[\/et_pb_blurb][\/et_pb_column][et_pb_column type=&#8220;1_3&#8243; _builder_version=&#8220;4.17.6&#8243; _module_preset=&#8220;default&#8220; global_colors_info=&#8220;{}&#8220;][et_pb_blurb title=&#8220;R\u00fcckgabe&#8220; image=&#8220;https:\/\/malinka-shop.de\/wp-content\/uploads\/2022\/08\/Ruecksendung-100&#215;100-1.png&#8220; _builder_version=&#8220;4.17.6&#8243; _module_preset=&#8220;default&#8220; text_orientation=&#8220;center&#8220; link_option_url=&#8220;https:\/\/malinka-shop.de\/index.php\/ruecksendung-und-widerrufsrecht\/&#8220; global_colors_info=&#8220;{}&#8220;]<\/p>\n<p style=\"text-align: center;\">Es ist eine R\u00fcckgabe innerhalb von 14 Tagen m\u00f6glich. Die R\u00fccksendekosten tr\u00e4gt der K\u00e4ufer.<\/p>\n<p>[\/et_pb_blurb][\/et_pb_column][\/et_pb_row][\/et_pb_section]<\/p>\n","protected":false},"excerpt":{"rendered":"<p>Unsere BestsellerVersicherter Versand per DHL innerhalb 1-4 Werktagen in Deutschland.Du hast eine Frage an uns?Schreib uns \u00fcber das Kontaktformular oder in Instagram.Es ist eine R\u00fcckgabe innerhalb von 14 Tagen m\u00f6glich. Die R\u00fccksendekosten tr\u00e4gt der K\u00e4ufer.<\/p>\n","protected":false},"author":1,"featured_media":0,"parent":0,"menu_order":0,"comment_status":"closed","ping_status":"closed","template":"","meta":{"_et_pb_use_builder":"on","_et_pb_old_content":"","_et_gb_content_width":"","footnotes":""},"class_list":["post-15","page","type-page","status-publish","hentry"],"jetpack_sharing_enabled":true,"_links":{"self":[{"href":"https:\/\/malinka-shop.de\/index.php\/wp-json\/wp\/v2\/pages\/15","targetHints":{"allow":["GET"]}}],"collection":[{"href":"https:\/\/malinka-shop.de\/index.php\/wp-json\/wp\/v2\/pages"}],"about":[{"href":"https:\/\/malinka-shop.de\/index.php\/wp-json\/wp\/v2\/types\/page"}],"author":[{"embeddable":true,"href":"https:\/\/malinka-shop.de\/index.php\/wp-json\/wp\/v2\/users\/1"}],"replies":[{"embeddable":true,"href":"https:\/\/malinka-shop.de\/index.php\/wp-json\/wp\/v2\/comments?post=15"}],"version-history":[{"count":21,"href":"https:\/\/malinka-shop.de\/index.php\/wp-json\/wp\/v2\/pages\/15\/revisions"}],"predecessor-version":[{"id":397,"href":"https:\/\/malinka-shop.de\/index.php\/wp-json\/wp\/v2\/pages\/15\/revisions\/397"}],"wp:attachment":[{"href":"https:\/\/malinka-shop.de\/index.php\/wp-json\/wp\/v2\/media?parent=15"}],"curies":[{"name":"wp","href":"https:\/\/api.w.org\/{rel}","templated":true}]}}